{"id":3021,"date":"2025-10-22T07:54:45","date_gmt":"2025-10-22T05:54:45","guid":{"rendered":"https:\/\/restondo.com\/fi\/?page_id=3021"},"modified":"2025-10-23T07:31:23","modified_gmt":"2025-10-23T05:31:23","slug":"10-parasta-pizzeriaamme-ja-ravintolaamme","status":"publish","type":"page","link":"https:\/\/restondo.com\/fi\/10-parasta-pizzeriaamme-ja-ravintolaamme\/","title":{"rendered":"10 parasta pizzeriaa ja ravintolaa Suomessa"},"content":{"rendered":"<h2>10 parasta pizzeriaa ja ravintolaa Suomessa<\/h2>\n<p><a href=\"https:\/\/restondo.com\/fi\/wp-content\/uploads\/sites\/4\/2025\/10\/10-parasta-pizzeriaamme-ja-ravintolaamme.jpg\"><img loading=\"lazy\" decoding=\"async\" class=\"alignnone size-medium wp-image-3022\" src=\"https:\/\/restondo.com\/fi\/wp-content\/uploads\/sites\/4\/2025\/10\/10-parasta-pizzeriaamme-ja-ravintolaamme-300x208.jpg\" alt=\"10 parasta pizzeriaamme ja ravintolaamme\" width=\"300\" height=\"208\" srcset=\"https:\/\/restondo.com\/fi\/wp-content\/uploads\/sites\/4\/2025\/10\/10-parasta-pizzeriaamme-ja-ravintolaamme-300x208.jpg 300w, https:\/\/restondo.com\/fi\/wp-content\/uploads\/sites\/4\/2025\/10\/10-parasta-pizzeriaamme-ja-ravintolaamme-768x532.jpg 768w, https:\/\/restondo.com\/fi\/wp-content\/uploads\/sites\/4\/2025\/10\/10-parasta-pizzeriaamme-ja-ravintolaamme.jpg 1019w\" sizes=\"auto, (max-width: 300px) 100vw, 300px\" \/><\/a><\/p>\n<p>Top 10 pizzeriaamme\/ravintolaamme koko Suomessa ovat seuraavat:<\/p>\n<p>1- <a href=\"https:\/\/restondo.com\/fi\/sorsakosken-ravintola\/\">Sorsakosken ravintola<\/a> (4,7\/5 t\u00e4hte\u00e4, upea)<\/p>\n<p>2- <a href=\"https:\/\/restondo.com\/fi\/pizzeria-quattro\/\">Pizzeria Quattro<\/a> (4,6\/5 t\u00e4hte\u00e4, erinomainen)<\/p>\n<p>3- <a href=\"https:\/\/restondo.com\/fi\/meng-lounas-kahvila\/\">Meng Lounas-Kahvila<\/a> (4,6\/5 t\u00e4hte\u00e4, erinomainen)<\/p>\n<p>4 &#8211; <a href=\"https:\/\/restondo.com\/fi\/st1-ikaalinen\/\">St1 Ikaalinen<\/a> (4,5\/5 t\u00e4hte\u00e4, erinomainen)<\/p>\n<p>5- <a href=\"https:\/\/restondo.com\/fi\/kangaskylan-pitokartano\/\">Kangaskyl\u00e4n Pitokartano<\/a> (4,5\/5 t\u00e4hte\u00e4, erinomainen)<\/p>\n<p>6- <a href=\"https:\/\/restondo.com\/fi\/thai-golden-chang\/\">Thai Golden Chang<\/a> (4,5\/5 t\u00e4hte\u00e4, erinomainen)<\/p>\n<p>7 &#8211; <a href=\"https:\/\/restondo.com\/fi\/caballo-bayo\/\">Caballo Bayo<\/a> (4,4\/5 t\u00e4hte\u00e4, eritt\u00e4in hyv\u00e4)<\/p>\n<p>8- <a href=\"https:\/\/restondo.com\/fi\/pernion-kebab\/\">Perni\u00f6n Kebab<\/a> (4,4\/5 t\u00e4hte\u00e4, eritt\u00e4in hyv\u00e4)<\/p>\n<p>9- <a href=\"https:\/\/restondo.com\/fi\/ravintola-mikontalo-virrat\/\">Ravintola Mikontalo<\/a> (4,4\/5 t\u00e4hte\u00e4, eritt\u00e4in hyv\u00e4)<\/p>\n<p>10 &#8211; <a href=\"https:\/\/restondo.com\/fi\/ismet-perttila\/\">Ismet Perttil\u00e4<\/a> (4,4\/5 t\u00e4hte\u00e4, eritt\u00e4in hyv\u00e4)<\/p>\n<h2>Top 10 pizzeriaa ja top 10 ravintolaa<\/h2>\n<p>Yll\u00e4 oleva top 10 -lista koskee kaikkia ravintoloitamme, jotka on arvosteltu verkkosivuillamme. Olemme ottaneet mukaan ravintoloita ja pizzeriaita, joilla on v\u00e4hint\u00e4\u00e4n 10 arvostelua palautej\u00e4rjestelm\u00e4mme kautta. N\u00e4m\u00e4 ravintolat ja pizzeriat ovat saaneet niin paljon todella hyvi\u00e4 arvosteluja, ett\u00e4 suosittelemme ehdottomasti kokeilemaan niit\u00e4. Et tule pettym\u00e4\u00e4n!<\/p>\n<h2>Suomessa on suuri m\u00e4\u00e4r\u00e4 ravintoloita ja pizzerioita<\/h2>\n<p>Et l\u00f6yd\u00e4 t\u00e4t\u00e4 top 10 -listaa mist\u00e4\u00e4n muualta \u2013 joten l\u00f6yd\u00e4t erilaisen, kattavamman listan kuin suurilla ruokaportaaleilla, esim. mist\u00e4 voit tilata ruokaa. Meill\u00e4 et voi tilata ruokaa, emmek\u00e4 koskaan poista ravintoloita verkkosivuiltamme vain siksi, ett\u00e4 ne lopettavat palkkion maksamisen meille, kuten tapahtuu aina suurilla ruokatilausportaaleilla. Emme poista ravintoloita niin kauan kuin ne ovat aktiivisia.<\/p>\n<h2>Kerro mielipiteesi<\/h2>\n<p>Kerro mielipiteesi ravintoloista ja pizzerioista verkkosivuillamme. Se on helppoa: vierit\u00e4 vain ravintolan sivua alasp\u00e4in ja napsauta sitten t\u00e4htien m\u00e4\u00e4r\u00e4\u00e4, jonka mielest\u00e4si ravintola ansaitsee. 1 t\u00e4hti tarkoittaa huonoa, 2 t\u00e4hte\u00e4 on alle keskitason, 3 t\u00e4hte\u00e4 on keskinkertainen, 4 t\u00e4hte\u00e4 on hyv\u00e4 ja 5 t\u00e4hte\u00e4 on fantastinen.<\/p>\n","protected":false},"excerpt":{"rendered":"<p>10 parasta pizzeriaa ja ravintolaa Suomessa Top 10 pizzeriaamme\/ravintolaamme koko Suomessa ovat seuraavat: 1- Sorsakosken ravintola (4,7\/5 t\u00e4hte\u00e4, upea) 2- Pizzeria Quattro (4,6\/5 t\u00e4hte\u00e4, erinomainen) 3- Meng Lounas-Kahvila (4,6\/5 t\u00e4hte\u00e4, erinomainen) 4 &#8211; St1 Ikaalinen (4,5\/5 t\u00e4hte\u00e4, erinomainen) 5- Kangaskyl\u00e4n Pitokartano (4,5\/5 t\u00e4hte\u00e4, erinomainen) 6- Thai Golden Chang (4,5\/5 t\u00e4hte\u00e4, erinomainen) 7 &#8211; Caballo Bayo [&hellip;]<\/p>\n","protected":false},"author":1,"featured_media":0,"parent":0,"menu_order":0,"comment_status":"closed","ping_status":"closed","template":"","meta":{"footnotes":""},"class_list":["post-3021","page","type-page","status-publish","hentry","entry"],"aioseo_notices":[],"_links":{"self":[{"href":"https:\/\/restondo.com\/fi\/wp-json\/wp\/v2\/pages\/3021","targetHints":{"allow":["GET"]}}],"collection":[{"href":"https:\/\/restondo.com\/fi\/wp-json\/wp\/v2\/pages"}],"about":[{"href":"https:\/\/restondo.com\/fi\/wp-json\/wp\/v2\/types\/page"}],"author":[{"embeddable":true,"href":"https:\/\/restondo.com\/fi\/wp-json\/wp\/v2\/users\/1"}],"replies":[{"embeddable":true,"href":"https:\/\/restondo.com\/fi\/wp-json\/wp\/v2\/comments?post=3021"}],"version-history":[{"count":5,"href":"https:\/\/restondo.com\/fi\/wp-json\/wp\/v2\/pages\/3021\/revisions"}],"predecessor-version":[{"id":3038,"href":"https:\/\/restondo.com\/fi\/wp-json\/wp\/v2\/pages\/3021\/revisions\/3038"}],"wp:attachment":[{"href":"https:\/\/restondo.com\/fi\/wp-json\/wp\/v2\/media?parent=3021"}],"curies":[{"name":"wp","href":"https:\/\/api.w.org\/{rel}","templated":true}]}}