{"id":3000,"date":"2025-10-14T07:45:52","date_gmt":"2025-10-14T05:45:52","guid":{"rendered":"https:\/\/restondo.com\/fi\/?page_id=3000"},"modified":"2025-10-21T08:27:49","modified_gmt":"2025-10-21T06:27:49","slug":"restondo","status":"publish","type":"page","link":"https:\/\/restondo.com\/fi\/","title":{"rendered":"Restondo"},"content":{"rendered":"<h2>Pizzeria- ja ravintolalista verkossa<\/h2>\r\n<h3><a href=\"https:\/\/restondo.com\/fi\/wp-content\/uploads\/sites\/4\/2025\/10\/pizza.jpg\"><img loading=\"lazy\" decoding=\"async\" class=\"size-medium wp-image-3006 alignleft\" src=\"https:\/\/restondo.com\/fi\/wp-content\/uploads\/sites\/4\/2025\/10\/pizza-300x215.jpg\" alt=\"pizza\" width=\"300\" height=\"215\" srcset=\"https:\/\/restondo.com\/fi\/wp-content\/uploads\/sites\/4\/2025\/10\/pizza-300x215.jpg 300w, https:\/\/restondo.com\/fi\/wp-content\/uploads\/sites\/4\/2025\/10\/pizza-768x551.jpg 768w, https:\/\/restondo.com\/fi\/wp-content\/uploads\/sites\/4\/2025\/10\/pizza.jpg 1018w\" sizes=\"auto, (max-width: 300px) 100vw, 300px\" \/><\/a><strong><span class=\"jCAhz ChMk0b\"><span class=\"ryNqvb\">Himoitsetko pizzaa?<\/span><\/span> <span class=\"jCAhz ChMk0b\"><span class=\"ryNqvb\">Etsitk\u00f6 online-ruokalistaa?<\/span><\/span><\/strong><\/h3>\r\n<p><span class=\"jCAhz ChMk0b\"><span class=\"ryNqvb\">Restondo on ravintolaoppaasi, josta voit tutustua valittujen ravintoloiden ja pizzerioiden ruokalistoihin ennen kuin menet sy\u00f6m\u00e4\u00e4n tai tilaat ruokaa.<\/span><\/span> <span class=\"jCAhz ChMk0b\"><span class=\"ryNqvb\">Raaka-aine- ja hakuj\u00e4rjestelm\u00e4mme avulla l\u00f6yd\u00e4t ravintolan, joka sopii juuri makunystyr\u00f6ihisi.<\/span><\/span> <span class=\"jCAhz ChMk0b\"><span class=\"ryNqvb\">Kaipaatko pizzaa, sushia tai jotain inkiv\u00e4\u00e4rill\u00e4 maustettua?<\/span><\/span> <span class=\"jCAhz ChMk0b\"><span class=\"ryNqvb\">Kirjoita vain yl\u00e4reunassa olevaan hakukentt\u00e4\u00e4n, esim. &#8221;kebab kristianstad&#8221;, anna sijaintisi ja napsauta &#8221;hakusymbolia&#8221;.<\/span><\/span> <span class=\"jCAhz ChMk0b\"><span class=\"ryNqvb\">Saat luettelon sopivista annoksista, mitk\u00e4 ravintolat tarjoilevat niit\u00e4, mit\u00e4 aineksia ne sis\u00e4lt\u00e4v\u00e4t ja kuinka paljon ne maksavat.<\/span><\/span> <span class=\"jCAhz\"><span class=\"ryNqvb\">Katso ruokalistaa saadaksesi k\u00e4sityksen kaikista valitun ravintolan annoksista.<\/span><\/span> <span class=\"jCAhz ChMk0b\"><span class=\"ryNqvb\">Yli 100 ruokalistan ja lukuisten arvostelujen ja aukioloaikojen ansiosta allamenyer.se on ravintolaoppaasi!<\/span><\/span><\/p>\r\n<h3>Haluatko tilata ruokaa?<a href=\"https:\/\/restondo.com\/fi\/wp-content\/uploads\/sites\/4\/2025\/10\/pizza-pizzeria.jpg\"><img loading=\"lazy\" decoding=\"async\" class=\"size-medium wp-image-3007 alignleft\" src=\"https:\/\/restondo.com\/fi\/wp-content\/uploads\/sites\/4\/2025\/10\/pizza-pizzeria-300x208.jpg\" alt=\"pizza-pizzeria\" width=\"300\" height=\"208\" srcset=\"https:\/\/restondo.com\/fi\/wp-content\/uploads\/sites\/4\/2025\/10\/pizza-pizzeria-300x208.jpg 300w, https:\/\/restondo.com\/fi\/wp-content\/uploads\/sites\/4\/2025\/10\/pizza-pizzeria-768x532.jpg 768w, https:\/\/restondo.com\/fi\/wp-content\/uploads\/sites\/4\/2025\/10\/pizza-pizzeria.jpg 1019w\" sizes=\"auto, (max-width: 300px) 100vw, 300px\" \/><\/a><\/h3>\r\n<div class=\"lRu31\" dir=\"ltr\"><span class=\"HwtZe\" lang=\"fi\"><span class=\"jCAhz ChMk0b\"><span class=\"ryNqvb\">Ruokaa on helppo tilata, jos ravintola\/pizzeria j\u00e4rjest\u00e4\u00e4 kotiinkuljetuksen.<\/span><\/span> <span class=\"jCAhz ChMk0b\"><span class=\"ryNqvb\">Soita vain ravintolaan, l\u00f6yd\u00e4t puhelinnumeron jokaisen ravintolan sivulta t\u00e4\u00e4lt\u00e4.<\/span><\/span><span class=\"jCAhz ChMk0b\"><span class=\"ryNqvb\"> L\u00f6yd\u00e4t oikean ravintolan tarkistamalla, mit\u00e4 ravintoloita kaupungissasi on, ja voit sitten lukea asiakasarvosteluja, jotka ovat saatavilla my\u00f6s meill\u00e4.<\/span><\/span><\/span>\r\n<div class=\"NQSJo\">\u00a0<\/div>\r\n<\/div>\r\n<p>Jos suosikkiravintolaasi ei viel\u00e4 l\u00f6ydy t\u00e4\u00e4lt\u00e4, olet enemm\u00e4n kuin tervetullut ehdottamaan sit\u00e4.<\/p>\r\n<p>&nbsp;<\/p>\r\n<h2>T\u00e4st\u00e4 p\u00e4\u00e4set kaupunkiisi:<\/h2>\r\n<p><a href=\"https:\/\/restondo.com\/fi\/kaupunki\/kouvola\/\">Pizzeria Kouvola<\/a> &amp;\u00a0<a href=\"https:\/\/restondo.com\/fi\/kaupunki\/kouvola\/\">Ravintola Kouvola<\/a><\/p>\r\n<p><a href=\"https:\/\/restondo.com\/fi\/kaupunki\/kilvakkala\/\">Pizzeria Kilvakkala<\/a> &amp;\u00a0<a href=\"https:\/\/restondo.com\/fi\/kaupunki\/kilvakkala\/\">Ravintola Kilvakkala<\/a><\/p>\r\n<p><a href=\"https:\/\/restondo.com\/fi\/kaupunki\/lohja\/\">Pizzeria Lohja<\/a> &amp;\u00a0<a href=\"https:\/\/restondo.com\/fi\/kaupunki\/lohja\/\">Ravintola Lohja<\/a><\/p>\r\n<p><a href=\"https:\/\/restondo.com\/fi\/kaupunki\/virrat\/\">Pizzeria Virrat<\/a> &amp;\u00a0<a href=\"https:\/\/restondo.com\/fi\/kaupunki\/virrat\/\">Ravintola Virrat<\/a><\/p>\r\n<p><a href=\"https:\/\/restondo.com\/fi\/kaupunki\/jokela\/\">Pizzeria Jokela<\/a> &amp;\u00a0<a href=\"https:\/\/restondo.com\/fi\/kaupunki\/jokela\/\">Ravintola Jokela<\/a><\/p>\r\n<p><a href=\"https:\/\/restondo.com\/fi\/kaupunki\/nummela\/\">Pizzeria Nummela<\/a> &amp;\u00a0<a href=\"https:\/\/restondo.com\/fi\/kaupunki\/nummela\/\">Ravintola Nummela<\/a><\/p>\r\n<p><a href=\"https:\/\/restondo.com\/fi\/kaupunki\/kokkola\/\">Pizzeria Kokkola<\/a> &amp;\u00a0<a href=\"https:\/\/restondo.com\/fi\/kaupunki\/kokkola\/\">Ravintola Kokkola<\/a><\/p>\r\n<p><a href=\"https:\/\/restondo.com\/fi\/kaupunki\/kuusamo\/\">Pizzeria Kuusamo<\/a> &amp;\u00a0<a href=\"https:\/\/restondo.com\/fi\/kaupunki\/kuusamo\/\">Ravintola Kuusamo<\/a><\/p>\r\n<p><a href=\"https:\/\/restondo.com\/fi\/kaupunki\/rauma\/\">Pizzeria Rauma<\/a> &amp;\u00a0<a href=\"https:\/\/restondo.com\/fi\/kaupunki\/rauma\/\">Ravintola Rauma<\/a><\/p>\r\n<h2>\u00a0<\/h2>\r\n<h2>Pizzeria- ja ravintolamenut Suomessa<\/h2>\r\n<p><span class=\"jCAhz ChMk0b\"><span class=\"ryNqvb\">Meill\u00e4 on t\u00e4ll\u00e4 hetkell\u00e4 yli 100 ruokalistaa Restondossa, valitettavasti ei kaikissa ravintoloissa, mutta ty\u00f6skentelemme lis\u00e4\u00e4 ruokalistojen hankkimiseksi.<\/span><\/span> <span class=\"jCAhz ChMk0b\"><span class=\"ryNqvb\">Toivomme, ett\u00e4 voit auttaa meit\u00e4 t\u00e4ss\u00e4 yhteydess\u00e4.<\/span><\/span> <span class=\"jCAhz ChMk0b\"><span class=\"ryNqvb\">Oletko saanut ruokalistan suosikkipizzeriastasi, mutta sit\u00e4 ei ole viel\u00e4 verkossa?<\/span><\/span> <span class=\"jCAhz ChMk0b\"><span class=\"ryNqvb\">L\u00e4het\u00e4 se meille, niin julkaisemme sen v\u00e4litt\u00f6m\u00e4sti.<\/span><\/span><\/p>\r\n<h2>Usein kysytyt kysymykset ja vastaukset ruokalistoista<\/h2>\r\n<p><strong>Kysymys: Miksi teill\u00e4 ei ole kaikkien saksalaisten pizzerioiden ja ravintoloiden ruokalistoja?<\/strong><\/p>\r\n<p>Vastaus: Saksassa on luultavasti jopa 85 000 pizzerioiden ja ravintoloiden ruokalistaa. Se on valtava m\u00e4\u00e4r\u00e4, ja ne on k\u00e4sitelt\u00e4v\u00e4 manuaalisesti, mit\u00e4 emme t\u00e4ll\u00e4 hetkell\u00e4 pysty tekem\u00e4\u00e4n. Lis\u00e4ksi ruokalistoja on p\u00e4ivitett\u00e4v\u00e4 s\u00e4\u00e4nn\u00f6llisesti, koska hinnat vaihtelevat inflaation vuoksi. Teemme kuitenkin parhaamme.<\/p>\r\n<p><strong>Kysymys: Mit\u00e4 pizzaan yleens\u00e4 laitetaan?<\/strong><\/p>\r\n<p>Vastaus: Tyypillisi\u00e4 pizzan ainesosia ovat tomaattikastike, juusto, mozzarella, sienet, sipuli, paprika, kinkku, salami, munat, tuoreet tomaatit, valkosipuli, anjovis, sardiinit jne. Joitakin ep\u00e4tavallisempia ainesosia ovat jalape\u00f1o, chili, parsakaali, jauheliha, kebab, kana, artisokat jne.<\/p>\r\n<p><strong>Kysymys: Miksi suosikkiravintolani ruokalistaa ei ole saatavilla?<\/strong><\/p>\r\n<p>Vastaus: Saattaa k\u00e4yd\u00e4 niin, ettemme ole julkaisseet suosikkiravintolasi ruokalistaa verkkosivuillamme. Kerro meille s\u00e4hk\u00f6postitse osoitteeseen info@restondo.com, niin julkaisemme ruokalistan mahdollisimman pian.<\/p>\r\n<p><strong>Kysymys: Ruokalistaa ei n\u00e4yt\u00e4 olevan p\u00e4ivitetty. Onko hinnoissa jotain vikaa?<\/strong><\/p>\r\n<p>Vastaus: Ilmoitathan meille osoitteeseen info@restondo.com, niin p\u00e4ivit\u00e4mme ne v\u00e4litt\u00f6m\u00e4sti.<\/p>\r\n<p><strong>Kysymys: Mit\u00e4 pizzan p\u00e4\u00e4lle laitetaan ensin?<\/strong><\/p>\r\n<p>Vastaus: Pizzakastike laitetaan pizzan p\u00e4\u00e4lle ensin. Pizzakastike voi olla tomaattikastiketta, mutta my\u00f6s valkokastiketta. Joskus pizzan p\u00e4\u00e4lle laitetaan jopa B\u00e9arnaise-kastiketta tai muita kastikkeita.<\/p>\r\n","protected":false},"excerpt":{"rendered":"<p>Pizzeria- ja ravintolalista verkossa Himoitsetko pizzaa? Etsitk\u00f6 online-ruokalistaa? Restondo on ravintolaoppaasi, josta voit tutustua valittujen ravintoloiden ja pizzerioiden ruokalistoihin ennen kuin menet sy\u00f6m\u00e4\u00e4n tai tilaat ruokaa. Raaka-aine- ja hakuj\u00e4rjestelm\u00e4mme avulla l\u00f6yd\u00e4t ravintolan, joka sopii juuri makunystyr\u00f6ihisi. Kaipaatko pizzaa, sushia tai jotain inkiv\u00e4\u00e4rill\u00e4 maustettua? Kirjoita vain yl\u00e4reunassa olevaan hakukentt\u00e4\u00e4n, esim. &#8221;kebab kristianstad&#8221;, anna sijaintisi ja napsauta [&hellip;]<\/p>\n","protected":false},"author":1,"featured_media":0,"parent":0,"menu_order":0,"comment_status":"closed","ping_status":"closed","template":"","meta":{"footnotes":""},"class_list":["post-3000","page","type-page","status-publish","hentry","entry"],"aioseo_notices":[],"_links":{"self":[{"href":"https:\/\/restondo.com\/fi\/wp-json\/wp\/v2\/pages\/3000","targetHints":{"allow":["GET"]}}],"collection":[{"href":"https:\/\/restondo.com\/fi\/wp-json\/wp\/v2\/pages"}],"about":[{"href":"https:\/\/restondo.com\/fi\/wp-json\/wp\/v2\/types\/page"}],"author":[{"embeddable":true,"href":"https:\/\/restondo.com\/fi\/wp-json\/wp\/v2\/users\/1"}],"replies":[{"embeddable":true,"href":"https:\/\/restondo.com\/fi\/wp-json\/wp\/v2\/comments?post=3000"}],"version-history":[{"count":12,"href":"https:\/\/restondo.com\/fi\/wp-json\/wp\/v2\/pages\/3000\/revisions"}],"predecessor-version":[{"id":3016,"href":"https:\/\/restondo.com\/fi\/wp-json\/wp\/v2\/pages\/3000\/revisions\/3016"}],"wp:attachment":[{"href":"https:\/\/restondo.com\/fi\/wp-json\/wp\/v2\/media?parent=3000"}],"curies":[{"name":"wp","href":"https:\/\/api.w.org\/{rel}","templated":true}]}}