{"id":315,"date":"2025-10-16T08:27:46","date_gmt":"2025-10-16T06:27:46","guid":{"rendered":"https:\/\/restondo.com\/de\/?page_id=315"},"modified":"2025-10-21T08:28:06","modified_gmt":"2025-10-21T06:28:06","slug":"restondo-2","status":"publish","type":"page","link":"https:\/\/restondo.com\/de\/","title":{"rendered":"Restondo"},"content":{"rendered":"<h2>Pizzeria Speisekarten &amp; Restaurang Speisekarten<\/h2>\n<h3><a href=\"https:\/\/restondo.com\/fi\/wp-content\/uploads\/sites\/4\/2025\/10\/pizza.jpg\"><img loading=\"lazy\" decoding=\"async\" class=\"size-medium wp-image-3006 alignleft\" src=\"https:\/\/restondo.com\/fi\/wp-content\/uploads\/sites\/4\/2025\/10\/pizza-300x215.jpg\" alt=\"pizza\" width=\"300\" height=\"215\" \/><\/a>Lust auf Pizza? Suchen Sie nach einer Online-Speisekarte?<\/h3>\n<p>Restondo ist Ihr Restaurantf\u00fchrer. Hier k\u00f6nnen Sie die Speisekarten ausgew\u00e4hlter Restaurants und Pizzerien durchst\u00f6bern, bevor Sie essen gehen oder Essen bestellen. Mit unserem Zutaten- und Suchsystem finden Sie ein Restaurant, das Ihrem Geschmack entspricht. Lust auf Pizza, Sushi oder etwas Scharfes mit Ingwer? Geben Sie einfach oben im Suchfeld z. B. \u201eKebab Neuhaus\u201c ein und klicken auf das Suchsymbol. Sie erhalten dann eine Liste passender Gerichte, welche Restaurants sie servieren, welche Zutaten sie enthalten und wie viel sie kosten. Werfen Sie einen Blick in die Speisekarte, um sich einen \u00dcberblick \u00fcber alle Gerichte des ausgew\u00e4hlten Restaurants zu verschaffen. Mit \u00fcber 100 Speisekarten und einer Vielzahl von Bewertungen und \u00d6ffnungszeiten ist Restondo Ihr Restaurantf\u00fchrer!<\/p>\n<h3>M\u00f6chten Sie Essen bestellen?<a href=\"https:\/\/restondo.com\/fi\/wp-content\/uploads\/sites\/4\/2025\/10\/pizza-pizzeria.jpg\"><img loading=\"lazy\" decoding=\"async\" class=\"size-medium wp-image-3007 alignleft\" src=\"https:\/\/restondo.com\/fi\/wp-content\/uploads\/sites\/4\/2025\/10\/pizza-pizzeria-300x208.jpg\" alt=\"pizza-pizzeria\" width=\"300\" height=\"208\" \/><\/a><\/h3>\n<div class=\"lRu31\" dir=\"ltr\">\n<p>Wenn das Restaurant\/die Pizzeria einen Lieferservice anbietet, ist die Bestellung ganz einfach. Rufen Sie einfach das Restaurant an. Die Telefonnummer finden Sie hier auf der jeweiligen Restaurantseite. Sie finden das passende Restaurant, indem Sie nachsehen, welche Restaurants es in Ihrer Stadt gibt. Anschlie\u00dfend k\u00f6nnen Sie Kundenbewertungen lesen, die auch auf unserer Website verf\u00fcgbar sind.<\/p>\n<\/div>\n<p>Falls Ihr Lieblingsrestaurant hier noch nicht aufgef\u00fchrt ist, k\u00f6nnen Sie es gerne vorschlagen.<\/p>\n<p>&nbsp;<\/p>\n<h2>So kommen Sie zu Ihrer Stadt:<\/h2>\n<p><a href=\"https:\/\/restondo.com\/de\/stadt\/bamberg\/\">Pizzeria Bamberg<\/a> &amp;\u00a0<a href=\"https:\/\/restondo.com\/de\/stadt\/bamberg\/\">Restaurant Bamberg<\/a><\/p>\n<p><a href=\"https:\/\/restondo.com\/de\/stadt\/neuhaus-an-der-pegnitz\/\">Pizzeria Neuhaus an der Pegnitz<\/a> &amp;\u00a0<a href=\"https:\/\/restondo.com\/de\/stadt\/neuhaus-an-der-pegnitz\/\">Restaurant Neuhaus an der Pegnitz<\/a><\/p>\n<p><a href=\"https:\/\/restondo.com\/de\/stadt\/nuernberg\/\">Pizzeria N\u00fcrnberg<\/a> &amp;\u00a0<a href=\"https:\/\/restondo.com\/de\/stadt\/nuernberg\/\">Restaurant N\u00fcrnberg<\/a><\/p>\n<p><a href=\"https:\/\/restondo.com\/de\/stadt\/waldmuenchen\/\">Pizzeria Waldm\u00fcnchen<\/a> &amp;\u00a0<a href=\"https:\/\/restondo.com\/de\/stadt\/waldmuenchen\/\">Restaurant Waldm\u00fcnchen<\/a><\/p>\n<p><a href=\"https:\/\/restondo.com\/de\/stadt\/waldkirch\/\">Pizzeria Waldkirch<\/a> &amp;\u00a0<a href=\"https:\/\/restondo.com\/de\/stadt\/waldkirch\/\">Restaurant Waldkirch<\/a><\/p>\n<p><a href=\"https:\/\/restondo.com\/de\/stadt\/ulmen\/\">Pizzeria Ulmen<\/a> &amp;\u00a0<a href=\"https:\/\/restondo.com\/de\/stadt\/ulmen\/\">Restaurant Ulmen<\/a><\/p>\n<h2>Pizzeria- und Restaurantmen\u00fcs in Deutschland<\/h2>\n<p>Wir haben derzeit \u00fcber 100 Speisekarten bei Restondo, leider nicht in allen Restaurants, aber wir arbeiten daran, weitere Speisekarten zu bekommen. Wir hoffen, Sie k\u00f6nnen uns dabei helfen. Haben Sie eine Speisekarte von Ihrer Lieblingspizzeria erhalten, aber diese ist noch nicht online? Senden Sie sie uns und wir ver\u00f6ffentlichen sie umgehend.<\/p>\n<h2>H\u00e4ufig gestellte Fragen und Antworten zu Speisekarten<\/h2>\n<p><strong>Frage: Warum haben Sie nicht alle Speisekarten von Pizzerien und Restaurants in Deutschland?<\/strong><\/p>\n<p>Antwort: Es gibt wahrscheinlich bis zu 85.000 Speisekarten von Pizzerien und Restaurants in ganz <strong>Deutschland<\/strong>. Das ist eine enorme Menge, die zudem manuell bearbeitet werden muss, was wir derzeit nicht k\u00f6nnen. Hinzu kommt das Problem der regelm\u00e4\u00dfigen Aktualisierung der Speisekarten, da sich die Preise inflationsbedingt \u00e4ndern. Wir tun jedoch unser M\u00f6glichstes.<\/p>\n<p><strong>Frage: Was kommt normalerweise auf eine Pizza?<\/strong><\/p>\n<p>Antwort: Typische Zutaten f\u00fcr eine Pizza sind beispielsweise Tomatenso\u00dfe, K\u00e4se, Mozzarella, Champignons, Zwiebeln, Paprika, Schinken, Salami, Eier, frische Tomaten, Knoblauch, Sardellen, Sardinen usw. Etwas ungew\u00f6hnlichere Zutaten sind beispielsweise Jalape\u00f1o, Chili, Brokkoli, Hackfleisch, Kebab, H\u00e4hnchen, Artischocken usw.<\/p>\n<p><strong>Frage: Warum gibt es die Speisekarte meines Lieblingsrestaurants nicht?<\/strong><\/p>\n<p>Antwort: Es kann vorkommen, dass wir keine Speisekarte auf unserer Website zu Ihrem Lieblingsrestaurant ver\u00f6ffentlicht haben. Bitte informieren Sie uns per E-Mail an info@restondo.com. Wir ver\u00f6ffentlichen die Speisekarte dann so schnell wie m\u00f6glich.<\/p>\n<p><strong>Frage: Die Speisekarte scheint nicht aktualisiert zu sein. Stimmt etwas mit den Preisen nicht?<\/strong><\/p>\n<p>Antwort: Bitte informieren Sie uns \u00fcber info@restondo.com, wir werden diese umgehend aktualisieren.<\/p>\n<p><strong>Frage: Was kommt zuerst auf die Pizza?<\/strong><\/p>\n<p>Antwort: Zuerst kommt die Pizzasauce auf die Pizza. Die Pizzasauce kann Tomatensauce, aber auch weisse Sauce sein. Es kommt sogar vor, dass Leute B\u00e9arnaisesosse oder andere Saucen als Pizzasauce auf die Pizza geben.<\/p>\n","protected":false},"excerpt":{"rendered":"<p>Pizzeria Speisekarten &amp; Restaurang Speisekarten Lust auf Pizza? Suchen Sie nach einer Online-Speisekarte? Restondo ist Ihr Restaurantf\u00fchrer. Hier k\u00f6nnen Sie die Speisekarten ausgew\u00e4hlter Restaurants und Pizzerien durchst\u00f6bern, bevor Sie essen gehen oder Essen bestellen. Mit unserem Zutaten- und Suchsystem finden Sie ein Restaurant, das Ihrem Geschmack entspricht. Lust auf Pizza, Sushi oder etwas Scharfes mit [&hellip;]<\/p>\n","protected":false},"author":1,"featured_media":0,"parent":0,"menu_order":0,"comment_status":"closed","ping_status":"closed","template":"","meta":{"footnotes":""},"class_list":["post-315","page","type-page","status-publish","hentry","entry"],"aioseo_notices":[],"_links":{"self":[{"href":"https:\/\/restondo.com\/de\/wp-json\/wp\/v2\/pages\/315","targetHints":{"allow":["GET"]}}],"collection":[{"href":"https:\/\/restondo.com\/de\/wp-json\/wp\/v2\/pages"}],"about":[{"href":"https:\/\/restondo.com\/de\/wp-json\/wp\/v2\/types\/page"}],"author":[{"embeddable":true,"href":"https:\/\/restondo.com\/de\/wp-json\/wp\/v2\/users\/1"}],"replies":[{"embeddable":true,"href":"https:\/\/restondo.com\/de\/wp-json\/wp\/v2\/comments?post=315"}],"version-history":[{"count":7,"href":"https:\/\/restondo.com\/de\/wp-json\/wp\/v2\/pages\/315\/revisions"}],"predecessor-version":[{"id":323,"href":"https:\/\/restondo.com\/de\/wp-json\/wp\/v2\/pages\/315\/revisions\/323"}],"wp:attachment":[{"href":"https:\/\/restondo.com\/de\/wp-json\/wp\/v2\/media?parent=315"}],"curies":[{"name":"wp","href":"https:\/\/api.w.org\/{rel}","templated":true}]}}